{"id":842,"date":"2023-09-27T15:45:00","date_gmt":"2023-09-27T15:45:00","guid":{"rendered":"https:\/\/sierra.keydesign.xyz\/crm\/?page_id=842"},"modified":"2026-03-04T15:43:55","modified_gmt":"2026-03-04T15:43:55","slug":"solutions","status":"publish","type":"page","link":"https:\/\/createcmedia.es\/en\/solutions\/","title":{"rendered":"About Createc"},"content":{"rendered":"<div data-elementor-type=\"wp-page\" data-elementor-id=\"842\" class=\"elementor elementor-842\" data-elementor-post-type=\"page\">\n\t\t\t\t<div class=\"elementor-element elementor-element-5f62616 sticky-section e-flex e-con-boxed e-con e-parent\" data-id=\"5f62616\" data-element_type=\"container\" data-settings=\"{&quot;background_background&quot;:&quot;classic&quot;}\">\n\t\t\t\t\t<div class=\"e-con-inner\">\n\t\t<div class=\"elementor-element elementor-element-4af9427 e-con-full e-flex e-con e-child\" data-id=\"4af9427\" data-element_type=\"container\">\n\t\t<div class=\"elementor-element elementor-element-b620214 e-con-full e-flex e-con e-child\" data-id=\"b620214\" data-element_type=\"container\">\n\t\t\t\t<div class=\"elementor-element elementor-element-a9c454a animated-fast elementor-invisible elementor-widget elementor-widget-elementskit-heading\" data-id=\"a9c454a\" data-element_type=\"widget\" data-settings=\"{&quot;_animation&quot;:&quot;fadeIn&quot;,&quot;_animation_delay&quot;:100,&quot;ekit_we_effect_on&quot;:&quot;none&quot;}\" data-widget_type=\"elementskit-heading.default\">\n\t\t\t\t<div class=\"elementor-widget-container\">\n\t\t\t\t\t<div class=\"ekit-wid-con\" ><div class=\"ekit-heading elementskit-section-title-wraper text_left   ekit_heading_tablet-   ekit_heading_mobile-\"><h2 class=\"ekit-heading--title elementskit-section-title\">I am <span><span>Lion<\/span><\/span>the Createc engine.<\/h2><\/div><\/div>\t\t\t\t<\/div>\n\t\t\t\t<\/div>\n\t\t<div class=\"elementor-element elementor-element-bdcbc2a e-con-full e-flex e-con e-child\" data-id=\"bdcbc2a\" data-element_type=\"container\">\n\t\t\t\t<div class=\"elementor-element elementor-element-ecd7e86 elementor-widget elementor-widget-text-editor\" data-id=\"ecd7e86\" data-element_type=\"widget\" data-settings=\"{&quot;ekit_we_effect_on&quot;:&quot;none&quot;}\" data-widget_type=\"text-editor.default\">\n\t\t\t\t<div class=\"elementor-widget-container\">\n\t\t\t\t\t\t\t\t\t<p>My passion is to transform ideas into quality content through digital production and distribution.<\/p><p>With experience in international markets and in areas such as audiobooks, podcasts, narration, translation and everything related to audio and music, I focus on offering customized solutions to ensure that each project fits the specific needs of each client.\u00a0<\/p><p>My goal is not only to make your content sound good, but to make it a unique experience for your audience. If you are looking for an ally with extensive knowledge in the publishing and educational sectors, I am here to help you make your project a reality.<\/p>\t\t\t\t\t\t\t\t<\/div>\n\t\t\t\t<\/div>\n\t\t\t\t<\/div>\n\t\t\t\t<\/div>\n\t\t<div class=\"elementor-element elementor-element-adc45b5 e-con-full e-flex elementor-invisible e-con e-child\" data-id=\"adc45b5\" data-element_type=\"container\" data-settings=\"{&quot;background_background&quot;:&quot;classic&quot;,&quot;animation&quot;:&quot;slideInUp&quot;,&quot;animation_delay&quot;:200}\">\n\t\t\t\t<div class=\"elementor-element elementor-element-dc267e6 elementor-invisible elementor-widget elementor-widget-image\" data-id=\"dc267e6\" data-element_type=\"widget\" data-settings=\"{&quot;_animation&quot;:&quot;fadeIn&quot;,&quot;_animation_delay&quot;:300,&quot;ekit_we_effect_on&quot;:&quot;none&quot;}\" data-widget_type=\"image.default\">\n\t\t\t\t<div class=\"elementor-widget-container\">\n\t\t\t\t\t\t\t\t\t\t\t\t\t\t\t<img fetchpriority=\"high\" decoding=\"async\" width=\"750\" height=\"851\" src=\"https:\/\/createcmedia.es\/wp-content\/uploads\/2025\/02\/Leon-circulo.png\" class=\"attachment-full size-full wp-image-21762\" alt=\"\" srcset=\"https:\/\/createcmedia.es\/wp-content\/uploads\/2025\/02\/Leon-circulo.png 750w, https:\/\/createcmedia.es\/wp-content\/uploads\/2025\/02\/Leon-circulo-600x681.png 600w, https:\/\/createcmedia.es\/wp-content\/uploads\/2025\/02\/Leon-circulo-264x300.png 264w, https:\/\/createcmedia.es\/wp-content\/uploads\/2025\/02\/Leon-circulo-710x806.png 710w\" sizes=\"(max-width: 750px) 100vw, 750px\" \/>\t\t\t\t\t\t\t\t\t\t\t\t\t\t\t<\/div>\n\t\t\t\t<\/div>\n\t\t\t\t<\/div>\n\t\t\t\t<\/div>\n\t\t\t\t\t<\/div>\n\t\t\t\t<\/div>\n\t\t<div class=\"elementor-element elementor-element-4d35a4fa e-flex e-con-boxed e-con e-parent\" data-id=\"4d35a4fa\" data-element_type=\"container\" data-settings=\"{&quot;background_background&quot;:&quot;classic&quot;}\">\n\t\t\t\t\t<div class=\"e-con-inner\">\n\t\t<div class=\"elementor-element elementor-element-e3169fa e-con-full e-flex e-con e-child\" data-id=\"e3169fa\" data-element_type=\"container\">\n\t\t\t\t<div class=\"elementor-element elementor-element-cb10379 elementor-widget__width-initial elementor-widget elementor-widget-image\" data-id=\"cb10379\" data-element_type=\"widget\" data-settings=\"{&quot;motion_fx_motion_fx_scrolling&quot;:&quot;yes&quot;,&quot;motion_fx_translateY_effect&quot;:&quot;yes&quot;,&quot;motion_fx_devices&quot;:[&quot;desktop&quot;,&quot;tablet&quot;],&quot;ekit_we_effect_on&quot;:&quot;none&quot;,&quot;motion_fx_translateY_speed&quot;:{&quot;unit&quot;:&quot;px&quot;,&quot;size&quot;:4,&quot;sizes&quot;:[]},&quot;motion_fx_translateY_affectedRange&quot;:{&quot;unit&quot;:&quot;%&quot;,&quot;size&quot;:&quot;&quot;,&quot;sizes&quot;:{&quot;start&quot;:0,&quot;end&quot;:100}}}\" data-widget_type=\"image.default\">\n\t\t\t\t<div class=\"elementor-widget-container\">\n\t\t\t\t\t\t\t\t\t\t\t\t\t\t\t<img decoding=\"async\" width=\"1024\" height=\"842\" src=\"https:\/\/createcmedia.es\/wp-content\/uploads\/2025\/02\/equipocreatec-1024x842.png\" class=\"attachment-large size-large wp-image-21859\" alt=\"\" srcset=\"https:\/\/createcmedia.es\/wp-content\/uploads\/2025\/02\/equipocreatec-1024x842.png 1024w, https:\/\/createcmedia.es\/wp-content\/uploads\/2025\/02\/equipocreatec-300x247.png 300w, https:\/\/createcmedia.es\/wp-content\/uploads\/2025\/02\/equipocreatec-768x631.png 768w, https:\/\/createcmedia.es\/wp-content\/uploads\/2025\/02\/equipocreatec-1536x1263.png 1536w, https:\/\/createcmedia.es\/wp-content\/uploads\/2025\/02\/equipocreatec-2048x1683.png 2048w, https:\/\/createcmedia.es\/wp-content\/uploads\/2025\/02\/equipocreatec-710x584.png 710w, https:\/\/createcmedia.es\/wp-content\/uploads\/2025\/02\/equipocreatec-600x493.png 600w\" sizes=\"(max-width: 1024px) 100vw, 1024px\" \/>\t\t\t\t\t\t\t\t\t\t\t\t\t\t\t<\/div>\n\t\t\t\t<\/div>\n\t\t\t\t<\/div>\n\t\t<div class=\"elementor-element elementor-element-14c2439 e-con-full e-flex e-con e-child\" data-id=\"14c2439\" data-element_type=\"container\">\n\t\t\t\t<div class=\"elementor-element elementor-element-3935193d animated-fast elementor-invisible elementor-widget elementor-widget-elementskit-heading\" data-id=\"3935193d\" data-element_type=\"widget\" data-settings=\"{&quot;_animation&quot;:&quot;fadeIn&quot;,&quot;_animation_delay&quot;:100,&quot;ekit_we_effect_on&quot;:&quot;none&quot;}\" data-widget_type=\"elementskit-heading.default\">\n\t\t\t\t<div class=\"elementor-widget-container\">\n\t\t\t\t\t<div class=\"ekit-wid-con\" ><div class=\"ekit-heading elementskit-section-title-wraper text_left   ekit_heading_tablet-   ekit_heading_mobile-\"><h2 class=\"ekit-heading--title elementskit-section-title\">About <span><span>Createc<\/span><\/span><\/h2><\/div><\/div>\t\t\t\t<\/div>\n\t\t\t\t<\/div>\n\t\t\t\t<div class=\"elementor-element elementor-element-42ea298 elementor-widget elementor-widget-text-editor\" data-id=\"42ea298\" data-element_type=\"widget\" data-settings=\"{&quot;ekit_we_effect_on&quot;:&quot;none&quot;}\" data-widget_type=\"text-editor.default\">\n\t\t\t\t<div class=\"elementor-widget-container\">\n\t\t\t\t\t\t\t\t\t<p class=\"p1\">Each project is unique, and that's why at Createc I adjust the team to what you really need. Depending on the complexity of the project, I can take care of it myself or I can count on specialized professionals: narrators, translators, musicians or sound technicians, depending on what your project requires.<\/p><p class=\"p1\">I have a network of trusted collaborators with whom I work regularly, selected for their experience and quality. This allows me to put together a tailor-made team, ensuring a professional result aligned with your expectations, with the exact number of people needed. Thus, each production receives the talent and attention it deserves.\u00a0<\/p>\t\t\t\t\t\t\t\t<\/div>\n\t\t\t\t<\/div>\n\t\t\t\t<\/div>\n\t\t\t\t\t<\/div>\n\t\t\t\t<\/div>\n\t\t<div class=\"elementor-element elementor-element-df624be e-flex e-con-boxed e-con e-parent\" data-id=\"df624be\" data-element_type=\"container\">\n\t\t\t\t\t<div class=\"e-con-inner\">\n\t\t\t\t\t<\/div>\n\t\t\t\t<\/div>\n\t\t\t\t<\/div>","protected":false},"excerpt":{"rendered":"<p>Soy Le\u00f3n, el motor de Createc. Mi pasi\u00f3n es transformar ideas en contenido de calidad a trav\u00e9s de la producci\u00f3n y distribuci\u00f3n digital. Con experiencia en mercados internacionales y en \u00e1reas como audiolibros, podcasts, narraci\u00f3n, traducci\u00f3n y todo lo relacionado con el audio y la m\u00fasica, me enfoco en ofrecer soluciones personalizadas para asegurar que [&hellip;]<\/p>","protected":false},"author":1,"featured_media":0,"parent":0,"menu_order":0,"comment_status":"closed","ping_status":"closed","template":"","meta":{"footnotes":""},"class_list":["post-842","page","type-page","status-publish","hentry"],"yoast_head":"<!-- This site is optimized with the Yoast SEO plugin v26.6 - https:\/\/yoast.com\/wordpress\/plugins\/seo\/ -->\n<title>Sobre Createc<\/title>\n<meta name=\"description\" content=\"En Createc Media, nos dedicamos a producci\u00f3n, narraci\u00f3n, masterizaci\u00f3n de audiolibros, libros electr\u00f3nicos, podcasts, y otros servicios.\" \/>\n<meta name=\"robots\" content=\"index, follow, max-snippet:-1, max-image-preview:large, max-video-preview:-1\" \/>\n<link rel=\"canonical\" href=\"https:\/\/createcmedia.es\/en\/solutions\/\" \/>\n<meta property=\"og:locale\" content=\"en_US\" \/>\n<meta property=\"og:type\" content=\"article\" \/>\n<meta property=\"og:title\" content=\"Sobre Createc\" \/>\n<meta property=\"og:description\" content=\"En Createc Media, nos dedicamos a producci\u00f3n, narraci\u00f3n, masterizaci\u00f3n de audiolibros, libros electr\u00f3nicos, podcasts, y otros servicios.\" \/>\n<meta property=\"og:url\" content=\"https:\/\/createcmedia.es\/en\/solutions\/\" \/>\n<meta property=\"og:site_name\" content=\"Createc\" \/>\n<meta property=\"article:modified_time\" content=\"2026-03-04T15:43:55+00:00\" \/>\n<meta property=\"og:image\" content=\"https:\/\/createcmedia.es\/wp-content\/uploads\/2025\/02\/Leon-circulo.png\" \/>\n\t<meta property=\"og:image:width\" content=\"750\" \/>\n\t<meta property=\"og:image:height\" content=\"851\" \/>\n\t<meta property=\"og:image:type\" content=\"image\/png\" \/>\n<meta name=\"twitter:card\" content=\"summary_large_image\" \/>\n<meta name=\"twitter:label1\" content=\"Est. reading time\" \/>\n\t<meta name=\"twitter:data1\" content=\"2 minutes\" \/>\n<script type=\"application\/ld+json\" class=\"yoast-schema-graph\">{\"@context\":\"https:\/\/schema.org\",\"@graph\":[{\"@type\":\"WebPage\",\"@id\":\"https:\/\/createcmedia.es\/solutions\/\",\"url\":\"https:\/\/createcmedia.es\/solutions\/\",\"name\":\"Sobre Createc\",\"isPartOf\":{\"@id\":\"https:\/\/createcmedia.es\/#website\"},\"primaryImageOfPage\":{\"@id\":\"https:\/\/createcmedia.es\/solutions\/#primaryimage\"},\"image\":{\"@id\":\"https:\/\/createcmedia.es\/solutions\/#primaryimage\"},\"thumbnailUrl\":\"https:\/\/createcmedia.es\/wp-content\/uploads\/2025\/02\/Leon-circulo.png\",\"datePublished\":\"2023-09-27T15:45:00+00:00\",\"dateModified\":\"2026-03-04T15:43:55+00:00\",\"description\":\"En Createc Media, nos dedicamos a producci\u00f3n, narraci\u00f3n, masterizaci\u00f3n de audiolibros, libros electr\u00f3nicos, podcasts, y otros servicios.\",\"breadcrumb\":{\"@id\":\"https:\/\/createcmedia.es\/solutions\/#breadcrumb\"},\"inLanguage\":\"en-US\",\"potentialAction\":[{\"@type\":\"ReadAction\",\"target\":[\"https:\/\/createcmedia.es\/solutions\/\"]}]},{\"@type\":\"ImageObject\",\"inLanguage\":\"en-US\",\"@id\":\"https:\/\/createcmedia.es\/solutions\/#primaryimage\",\"url\":\"https:\/\/createcmedia.es\/wp-content\/uploads\/2025\/02\/Leon-circulo.png\",\"contentUrl\":\"https:\/\/createcmedia.es\/wp-content\/uploads\/2025\/02\/Leon-circulo.png\"},{\"@type\":\"BreadcrumbList\",\"@id\":\"https:\/\/createcmedia.es\/solutions\/#breadcrumb\",\"itemListElement\":[{\"@type\":\"ListItem\",\"position\":1,\"name\":\"Portada\",\"item\":\"https:\/\/createcmedia.es\/\"},{\"@type\":\"ListItem\",\"position\":2,\"name\":\"Sobre Createc\"}]},{\"@type\":\"WebSite\",\"@id\":\"https:\/\/createcmedia.es\/#website\",\"url\":\"https:\/\/createcmedia.es\/\",\"name\":\"Createc\",\"description\":\"\",\"publisher\":{\"@id\":\"https:\/\/createcmedia.es\/#organization\"},\"potentialAction\":[{\"@type\":\"SearchAction\",\"target\":{\"@type\":\"EntryPoint\",\"urlTemplate\":\"https:\/\/createcmedia.es\/?s={search_term_string}\"},\"query-input\":{\"@type\":\"PropertyValueSpecification\",\"valueRequired\":true,\"valueName\":\"search_term_string\"}}],\"inLanguage\":\"en-US\"},{\"@type\":\"Organization\",\"@id\":\"https:\/\/createcmedia.es\/#organization\",\"name\":\"Createc\",\"url\":\"https:\/\/createcmedia.es\/\",\"logo\":{\"@type\":\"ImageObject\",\"inLanguage\":\"en-US\",\"@id\":\"https:\/\/createcmedia.es\/#\/schema\/logo\/image\/\",\"url\":\"https:\/\/createcmedia.es\/wp-content\/uploads\/2025\/02\/Createc_logo-1.svg\",\"contentUrl\":\"https:\/\/createcmedia.es\/wp-content\/uploads\/2025\/02\/Createc_logo-1.svg\",\"width\":993,\"height\":240,\"caption\":\"Createc\"},\"image\":{\"@id\":\"https:\/\/createcmedia.es\/#\/schema\/logo\/image\/\"}}]}<\/script>\n<!-- \/ Yoast SEO plugin. -->","yoast_head_json":{"title":"About Createc","description":"En Createc Media, nos dedicamos a producci\u00f3n, narraci\u00f3n, masterizaci\u00f3n de audiolibros, libros electr\u00f3nicos, podcasts, y otros servicios.","robots":{"index":"index","follow":"follow","max-snippet":"max-snippet:-1","max-image-preview":"max-image-preview:large","max-video-preview":"max-video-preview:-1"},"canonical":"https:\/\/createcmedia.es\/en\/solutions\/","og_locale":"en_US","og_type":"article","og_title":"Sobre Createc","og_description":"En Createc Media, nos dedicamos a producci\u00f3n, narraci\u00f3n, masterizaci\u00f3n de audiolibros, libros electr\u00f3nicos, podcasts, y otros servicios.","og_url":"https:\/\/createcmedia.es\/en\/solutions\/","og_site_name":"Createc","article_modified_time":"2026-03-04T15:43:55+00:00","og_image":[{"width":750,"height":851,"url":"https:\/\/createcmedia.es\/wp-content\/uploads\/2025\/02\/Leon-circulo.png","type":"image\/png"}],"twitter_card":"summary_large_image","twitter_misc":{"Est. reading time":"2 minutes"},"schema":{"@context":"https:\/\/schema.org","@graph":[{"@type":"WebPage","@id":"https:\/\/createcmedia.es\/solutions\/","url":"https:\/\/createcmedia.es\/solutions\/","name":"About Createc","isPartOf":{"@id":"https:\/\/createcmedia.es\/#website"},"primaryImageOfPage":{"@id":"https:\/\/createcmedia.es\/solutions\/#primaryimage"},"image":{"@id":"https:\/\/createcmedia.es\/solutions\/#primaryimage"},"thumbnailUrl":"https:\/\/createcmedia.es\/wp-content\/uploads\/2025\/02\/Leon-circulo.png","datePublished":"2023-09-27T15:45:00+00:00","dateModified":"2026-03-04T15:43:55+00:00","description":"En Createc Media, nos dedicamos a producci\u00f3n, narraci\u00f3n, masterizaci\u00f3n de audiolibros, libros electr\u00f3nicos, podcasts, y otros servicios.","breadcrumb":{"@id":"https:\/\/createcmedia.es\/solutions\/#breadcrumb"},"inLanguage":"en-US","potentialAction":[{"@type":"ReadAction","target":["https:\/\/createcmedia.es\/solutions\/"]}]},{"@type":"ImageObject","inLanguage":"en-US","@id":"https:\/\/createcmedia.es\/solutions\/#primaryimage","url":"https:\/\/createcmedia.es\/wp-content\/uploads\/2025\/02\/Leon-circulo.png","contentUrl":"https:\/\/createcmedia.es\/wp-content\/uploads\/2025\/02\/Leon-circulo.png"},{"@type":"BreadcrumbList","@id":"https:\/\/createcmedia.es\/solutions\/#breadcrumb","itemListElement":[{"@type":"ListItem","position":1,"name":"Portada","item":"https:\/\/createcmedia.es\/"},{"@type":"ListItem","position":2,"name":"Sobre Createc"}]},{"@type":"WebSite","@id":"https:\/\/createcmedia.es\/#website","url":"https:\/\/createcmedia.es\/","name":"Createc","description":"","publisher":{"@id":"https:\/\/createcmedia.es\/#organization"},"potentialAction":[{"@type":"SearchAction","target":{"@type":"EntryPoint","urlTemplate":"https:\/\/createcmedia.es\/?s={search_term_string}"},"query-input":{"@type":"PropertyValueSpecification","valueRequired":true,"valueName":"search_term_string"}}],"inLanguage":"en-US"},{"@type":"Organization","@id":"https:\/\/createcmedia.es\/#organization","name":"Createc","url":"https:\/\/createcmedia.es\/","logo":{"@type":"ImageObject","inLanguage":"en-US","@id":"https:\/\/createcmedia.es\/#\/schema\/logo\/image\/","url":"https:\/\/createcmedia.es\/wp-content\/uploads\/2025\/02\/Createc_logo-1.svg","contentUrl":"https:\/\/createcmedia.es\/wp-content\/uploads\/2025\/02\/Createc_logo-1.svg","width":993,"height":240,"caption":"Createc"},"image":{"@id":"https:\/\/createcmedia.es\/#\/schema\/logo\/image\/"}}]}},"_links":{"self":[{"href":"https:\/\/createcmedia.es\/en\/wp-json\/wp\/v2\/pages\/842","targetHints":{"allow":["GET"]}}],"collection":[{"href":"https:\/\/createcmedia.es\/en\/wp-json\/wp\/v2\/pages"}],"about":[{"href":"https:\/\/createcmedia.es\/en\/wp-json\/wp\/v2\/types\/page"}],"author":[{"embeddable":true,"href":"https:\/\/createcmedia.es\/en\/wp-json\/wp\/v2\/users\/1"}],"replies":[{"embeddable":true,"href":"https:\/\/createcmedia.es\/en\/wp-json\/wp\/v2\/comments?post=842"}],"version-history":[{"count":11,"href":"https:\/\/createcmedia.es\/en\/wp-json\/wp\/v2\/pages\/842\/revisions"}],"predecessor-version":[{"id":22316,"href":"https:\/\/createcmedia.es\/en\/wp-json\/wp\/v2\/pages\/842\/revisions\/22316"}],"wp:attachment":[{"href":"https:\/\/createcmedia.es\/en\/wp-json\/wp\/v2\/media?parent=842"}],"curies":[{"name":"wp","href":"https:\/\/api.w.org\/{rel}","templated":true}]}}